{"id":11,"date":"2025-07-18T10:28:46","date_gmt":"2025-07-18T10:28:46","guid":{"rendered":"https:\/\/bkkibar.online\/?page_id=11"},"modified":"2025-07-18T10:28:46","modified_gmt":"2025-07-18T10:28:46","slug":"hesabim","status":"publish","type":"page","link":"https:\/\/www.bakikibar.com.tr\/?page_id=11","title":{"rendered":"Hesab\u0131m"},"content":{"rendered":"<div class=\"woocommerce\"><div class=\"woocommerce-notices-wrapper\"><\/div>\n<div class=\"wd-registration-page wd-register-tabs\">\n\n\n<div class=\"wd-grid-f-col\" id=\"customer_login\">\n\n\t<div class=\"wd-col col-login\">\n\n\n\t\t<h2 class=\"wd-login-title\">Giri\u015f Yap<\/h2>\n\n\t\t\t\t\t<form method=\"post\" class=\"login woocommerce-form woocommerce-form-login\" action=\"https:\/\/www.bakikibar.com.tr\/?page_id=11&#038;action=login\">\n\n\t\t\t\t\n\t\t\t\t\n\t\t\t\t<p class=\"woocommerce-FormRow woocommerce-FormRow--wide form-row form-row-wide form-row-username\">\n\t\t\t\t\t<label for=\"username\">Kullan\u0131c\u0131 ad\u0131 veya e-posta adresi&nbsp;<span class=\"required\" aria-hidden=\"true\">*<\/span><span class=\"screen-reader-text\">Gerekli<\/span><\/label>\n\t\t\t\t\t<input type=\"text\" class=\"woocommerce-Input woocommerce-Input--text input-text\" name=\"username\" id=\"username\" autocomplete=\"username\" value=\"\" \/>\t\t\t\t<\/p>\n\t\t\t\t<p class=\"woocommerce-FormRow woocommerce-FormRow--wide form-row form-row-wide form-row-password\">\n\t\t\t\t\t<label for=\"password\">\u015eifre&nbsp;<span class=\"required\" aria-hidden=\"true\">*<\/span><span class=\"screen-reader-text\">Gerekli<\/span><\/label>\n\t\t\t\t\t<input class=\"woocommerce-Input woocommerce-Input--text input-text\" type=\"password\" name=\"password\" id=\"password\" autocomplete=\"current-password\" \/>\n\t\t\t\t<\/p>\n\n\t\t\t\t\n\t\t\t\t<p class=\"form-row form-row-btn\">\n\t\t\t\t\t<input type=\"hidden\" id=\"woocommerce-login-nonce\" name=\"woocommerce-login-nonce\" value=\"bf885364bb\" \/><input type=\"hidden\" name=\"_wp_http_referer\" value=\"\/index.php?rest_route=%2Fwp%2Fv2%2Fpages%2F11\" \/>\t\t\t\t\t\t\t\t\t\t<button type=\"submit\" class=\"button btn btn-accent woocommerce-button woocommerce-form-login__submit\" name=\"login\" value=\"Giri\u015f Yap\">Giri\u015f Yap<\/button>\n\t\t\t\t<\/p>\n\n\t\t\t\t<p class=\"login-form-footer\">\n\t\t\t\t\t<a href=\"https:\/\/www.bakikibar.com.tr\/?page_id=11&#038;lost-password\" class=\"woocommerce-LostPassword lost_password\">\u015eifreni mi unuttun?<\/a>\n\t\t\t\t\t<label class=\"woocommerce-form__label woocommerce-form__label-for-checkbox woocommerce-form-login__rememberme\">\n\t\t\t\t\t\t<input class=\"woocommerce-form__input woocommerce-form__input-checkbox\" name=\"rememberme\" type=\"checkbox\" value=\"forever\" title=\"Beni Hat\u0131rla\" aria-label=\"Beni Hat\u0131rla\" \/> <span>Beni Hat\u0131rla<\/span>\n\t\t\t\t\t<\/label>\n\t\t\t\t<\/p>\n\n\t\t\t\t\n\t\t\t\t\t\t\t<\/form>\n\n\t\t\n\n\t<\/div>\n\n\t<div class=\"wd-col col-register\">\n\n\t\t<h2 class=\"wd-login-title\">\u00dcye Ol<\/h2>\n\n\t\t\t\t<form method=\"post\" action=\"https:\/\/www.bakikibar.com.tr\/?page_id=11&#038;action=register\" class=\"woocommerce-form woocommerce-form-register register\"  >\n\t\t\n\t\t\t\t\t\n\t\t\t\t\t\n\t\t\t<p class=\"woocommerce-form-row woocommerce-form-row--wide form-row form-row-wide\">\n\t\t\t\t<label for=\"reg_email\">E-posta adresi&nbsp;<span class=\"required\" aria-hidden=\"true\">*<\/span><span class=\"screen-reader-text\">Gerekli<\/span><\/label>\n\t\t\t\t<input type=\"email\" class=\"woocommerce-Input woocommerce-Input--text input-text\" name=\"email\" id=\"reg_email\" autocomplete=\"email\" value=\"\" \/>\t\t\t<\/p>\n\t\t\n\t\t\t\t\t\n\t\t\t\t<p>Yeni parola olu\u015fturman\u0131z i\u00e7in e-posta adresinize bir ba\u011flant\u0131 g\u00f6nderilecek.<\/p>\n\t\t\n\t\t\t\t\t\n\t\t\t<div style=\"left: -999em; position: absolute;\"><label for=\"trap\">Anti-spam<\/label><input type=\"text\" name=\"email_2\" id=\"trap\" tabindex=\"-1\" \/><\/div>\n\t\t\n\t\t\t<wc-order-attribution-inputs><\/wc-order-attribution-inputs><div class=\"woocommerce-privacy-policy-text\"><p>Ki\u015fisel verileriniz bu web sitesindeki deneyiminizi desteklemek, hesab\u0131n\u0131za eri\u015fimi y\u00f6netmek ve <a href=\"https:\/\/www.bakikibar.com.tr\/?page_id=3\" class=\"woocommerce-privacy-policy-link\" target=\"_blank\">gizlilik ilkesi<\/a> sayfam\u0131zda a\u00e7\u0131klanan di\u011fer ama\u00e7lar i\u00e7in kullan\u0131lacakt\u0131r.<\/p>\n<\/div>\t\t\n\t\t\t<p class=\"woocommerce-form-row form-row form-row-btn\">\n\t\t\t\t<input type=\"hidden\" id=\"woocommerce-register-nonce\" name=\"woocommerce-register-nonce\" value=\"08ec810881\" \/><input type=\"hidden\" name=\"_wp_http_referer\" value=\"\/index.php?rest_route=%2Fwp%2Fv2%2Fpages%2F11\" \/>\t\t\t\t<button type=\"submit\" class=\"woocommerce-Button woocommerce-button btn btn-accent button\" name=\"register\" value=\"\u00dcye Ol\">\u00dcye Ol<\/button>\n\t\t\t<\/p>\n\t\t\n\t\t\t\t\t\n\t\t<\/form>\n\t\t\n\t<\/div>\n\n\t\t\t<div class=\"wd-col col-register-text\">\n\n\t\t\t<p class=\"title wd-login-divider\"><span>Or<\/span><\/p>\n\n\t\t\t\n\t\t\t\t\t\t\t<h2 class=\"wd-login-title\">Kay\u0131t Ol<\/h2>\n\t\t\t\n\t\t\t\n\t\t\t\t\t\t\t<div class=\"registration-info\"><span style=\"vertical-align: inherit\"><span style=\"vertical-align: inherit\"><span style=\"vertical-align: inherit\"><span style=\"vertical-align: inherit\">Bu siteye kaydolarak sipari\u015f durumunuza ve ge\u00e7mi\u015finize eri\u015febilirsiniz. A\u015fa\u011f\u0131daki alanlar\u0131 doldurman\u0131z yeterli; k\u0131sa s\u00fcrede sizin i\u00e7in yeni bir hesap olu\u015fturaca\u011f\u0131z. Sizden yaln\u0131zca sat\u0131n alma s\u00fcrecini daha h\u0131zl\u0131 ve kolay hale getirmek i\u00e7in gerekli bilgileri isteyece\u011fiz.<\/span><\/span><\/span><\/span><\/div>\n\t\t\t\n\t\t\t\n\t\t\t<a href=\"#\" rel=\"nofollow noopener\" class=\"btn btn-default wd-switch-to-register\" data-login=\"Giri\u015f Yap\" data-login-title=\"Login\" data-reg-title=\"Kay\u0131t Ol\" data-register=\"\u00dcye Ol\">\u00dcye Ol<\/a>\n\n\t\t<\/div>\n\t\n<\/div>\n\n<\/div>\n\n<\/div>\n","protected":false},"excerpt":{"rendered":"Giri\u015f Yap Kullan\u0131c\u0131 ad\u0131 veya e-posta adresi&nbsp;*Gerekli \u015eifre&nbsp;*Gerekli Giri\u015f Yap \u015eifreni mi unuttun? Beni Hat\u0131rla \u00dcye Ol E-posta adresi&nbsp;*Gerekli Yeni","protected":false},"author":1,"featured_media":0,"parent":0,"menu_order":0,"comment_status":"closed","ping_status":"closed","template":"","meta":{"footnotes":""},"class_list":["post-11","page","type-page","status-publish","hentry"],"yoast_head":"<!-- This site is optimized with the Yoast SEO plugin v27.3 - https:\/\/yoast.com\/product\/yoast-seo-wordpress\/ -->\n<title>Hesab\u0131m - Baki Kibar T\u0131p K\u0131yafetleri<\/title>\n<meta name=\"robots\" content=\"index, follow, max-snippet:-1, max-image-preview:large, max-video-preview:-1\" \/>\n<link rel=\"canonical\" href=\"https:\/\/www.bakikibar.com.tr\/?page_id=11\" \/>\n<meta property=\"og:locale\" content=\"tr_TR\" \/>\n<meta property=\"og:type\" content=\"article\" \/>\n<meta property=\"og:title\" content=\"Hesab\u0131m - Baki Kibar T\u0131p K\u0131yafetleri\" \/>\n<meta property=\"og:url\" content=\"https:\/\/www.bakikibar.com.tr\/?page_id=11\" \/>\n<meta property=\"og:site_name\" content=\"Baki Kibar T\u0131p K\u0131yafetleri\" \/>\n<meta name=\"twitter:card\" content=\"summary_large_image\" \/>\n<script type=\"application\/ld+json\" class=\"yoast-schema-graph\">{\"@context\":\"https:\\\/\\\/schema.org\",\"@graph\":[{\"@type\":\"WebPage\",\"@id\":\"https:\\\/\\\/www.bakikibar.com.tr\\\/?page_id=11\",\"url\":\"https:\\\/\\\/www.bakikibar.com.tr\\\/?page_id=11\",\"name\":\"Hesab\u0131m - Baki Kibar T\u0131p K\u0131yafetleri\",\"isPartOf\":{\"@id\":\"https:\\\/\\\/www.bakikibar.com.tr\\\/#website\"},\"datePublished\":\"2025-07-18T10:28:46+00:00\",\"breadcrumb\":{\"@id\":\"https:\\\/\\\/www.bakikibar.com.tr\\\/?page_id=11#breadcrumb\"},\"inLanguage\":\"tr\",\"potentialAction\":[{\"@type\":\"ReadAction\",\"target\":[\"https:\\\/\\\/www.bakikibar.com.tr\\\/?page_id=11\"]}]},{\"@type\":\"BreadcrumbList\",\"@id\":\"https:\\\/\\\/www.bakikibar.com.tr\\\/?page_id=11#breadcrumb\",\"itemListElement\":[{\"@type\":\"ListItem\",\"position\":1,\"name\":\"Anasayfa\",\"item\":\"https:\\\/\\\/www.bakikibar.com.tr\\\/\"},{\"@type\":\"ListItem\",\"position\":2,\"name\":\"Hesab\u0131m\"}]},{\"@type\":\"WebSite\",\"@id\":\"https:\\\/\\\/www.bakikibar.com.tr\\\/#website\",\"url\":\"https:\\\/\\\/www.bakikibar.com.tr\\\/\",\"name\":\"Baki Kibar T\u0131p K\u0131yafetleri\",\"description\":\"\",\"potentialAction\":[{\"@type\":\"SearchAction\",\"target\":{\"@type\":\"EntryPoint\",\"urlTemplate\":\"https:\\\/\\\/www.bakikibar.com.tr\\\/?s={search_term_string}\"},\"query-input\":{\"@type\":\"PropertyValueSpecification\",\"valueRequired\":true,\"valueName\":\"search_term_string\"}}],\"inLanguage\":\"tr\"}]}<\/script>\n<!-- \/ Yoast SEO plugin. -->","yoast_head_json":{"title":"Hesab\u0131m - Baki Kibar T\u0131p K\u0131yafetleri","robots":{"index":"index","follow":"follow","max-snippet":"max-snippet:-1","max-image-preview":"max-image-preview:large","max-video-preview":"max-video-preview:-1"},"canonical":"https:\/\/www.bakikibar.com.tr\/?page_id=11","og_locale":"tr_TR","og_type":"article","og_title":"Hesab\u0131m - Baki Kibar T\u0131p K\u0131yafetleri","og_url":"https:\/\/www.bakikibar.com.tr\/?page_id=11","og_site_name":"Baki Kibar T\u0131p K\u0131yafetleri","twitter_card":"summary_large_image","schema":{"@context":"https:\/\/schema.org","@graph":[{"@type":"WebPage","@id":"https:\/\/www.bakikibar.com.tr\/?page_id=11","url":"https:\/\/www.bakikibar.com.tr\/?page_id=11","name":"Hesab\u0131m - Baki Kibar T\u0131p K\u0131yafetleri","isPartOf":{"@id":"https:\/\/www.bakikibar.com.tr\/#website"},"datePublished":"2025-07-18T10:28:46+00:00","breadcrumb":{"@id":"https:\/\/www.bakikibar.com.tr\/?page_id=11#breadcrumb"},"inLanguage":"tr","potentialAction":[{"@type":"ReadAction","target":["https:\/\/www.bakikibar.com.tr\/?page_id=11"]}]},{"@type":"BreadcrumbList","@id":"https:\/\/www.bakikibar.com.tr\/?page_id=11#breadcrumb","itemListElement":[{"@type":"ListItem","position":1,"name":"Anasayfa","item":"https:\/\/www.bakikibar.com.tr\/"},{"@type":"ListItem","position":2,"name":"Hesab\u0131m"}]},{"@type":"WebSite","@id":"https:\/\/www.bakikibar.com.tr\/#website","url":"https:\/\/www.bakikibar.com.tr\/","name":"Baki Kibar T\u0131p K\u0131yafetleri","description":"","potentialAction":[{"@type":"SearchAction","target":{"@type":"EntryPoint","urlTemplate":"https:\/\/www.bakikibar.com.tr\/?s={search_term_string}"},"query-input":{"@type":"PropertyValueSpecification","valueRequired":true,"valueName":"search_term_string"}}],"inLanguage":"tr"}]}},"jetpack_sharing_enabled":true,"_links":{"self":[{"href":"https:\/\/www.bakikibar.com.tr\/index.php?rest_route=\/wp\/v2\/pages\/11","targetHints":{"allow":["GET"]}}],"collection":[{"href":"https:\/\/www.bakikibar.com.tr\/index.php?rest_route=\/wp\/v2\/pages"}],"about":[{"href":"https:\/\/www.bakikibar.com.tr\/index.php?rest_route=\/wp\/v2\/types\/page"}],"author":[{"embeddable":true,"href":"https:\/\/www.bakikibar.com.tr\/index.php?rest_route=\/wp\/v2\/users\/1"}],"replies":[{"embeddable":true,"href":"https:\/\/www.bakikibar.com.tr\/index.php?rest_route=%2Fwp%2Fv2%2Fcomments&post=11"}],"version-history":[{"count":0,"href":"https:\/\/www.bakikibar.com.tr\/index.php?rest_route=\/wp\/v2\/pages\/11\/revisions"}],"wp:attachment":[{"href":"https:\/\/www.bakikibar.com.tr\/index.php?rest_route=%2Fwp%2Fv2%2Fmedia&parent=11"}],"curies":[{"name":"wp","href":"https:\/\/api.w.org\/{rel}","templated":true}]}}