{"id":265,"date":"2017-06-21T08:08:41","date_gmt":"2017-06-21T08:08:41","guid":{"rendered":"http:\/\/dummy.xtemos.com\/woodmart\/?page_id=265"},"modified":"2025-07-20T17:46:09","modified_gmt":"2025-07-20T17:46:09","slug":"compare","status":"publish","type":"page","link":"https:\/\/www.bakikibar.com.tr\/?page_id=265","title":{"rendered":"Mesafeli Sat\u0131\u015f S\u00f6zle\u015fmesi"},"content":{"rendered":"<div class=\"wpb-content-wrapper\"><p>[vc_row][vc_column][vc_column_text css=&#8221;&#8221; woodmart_inline=&#8221;no&#8221; text_larger=&#8221;no&#8221;]<strong>1. TARAFLAR<\/strong><\/p>\n<p><strong>Sat\u0131c\u0131:<\/strong><\/p>\n<ul>\n<li>Unvan: M\u0130AMOON COLLECT\u0130ON<\/li>\n<li>Adres: Yenicuma Mah. Mustafa Sok. No: 4 A Ortahisar\/TRABZON<\/li>\n<li>Telefon: 545 171 11 50<\/li>\n<li>E-posta: miamooncollection@hotmail.com<\/li>\n<li>Web Sitesi: www.miamooncollection.com<\/li>\n<\/ul>\n<p><strong>Al\u0131c\u0131:<\/strong><\/p>\n<ul>\n<li>Ad\u0131\/Soyad\u0131: [Al\u0131c\u0131n\u0131n Ad\u0131 ve Soyad\u0131]<\/li>\n<li>Adres: [Al\u0131c\u0131n\u0131n Adresi]<\/li>\n<li>Telefon: [Al\u0131c\u0131n\u0131n Telefon Numaras\u0131]<\/li>\n<li>E-posta: [Al\u0131c\u0131n\u0131n E-posta Adresi]<\/li>\n<\/ul>\n<p><strong>2. S\u00d6ZLE\u015eMEN\u0130N KONUSU<\/strong><\/p>\n<p>\u0130\u015fbu s\u00f6zle\u015fmenin konusu, Al\u0131c\u0131\u2019n\u0131n Sat\u0131c\u0131\u2019ya ait [Web Sitesi URL\u2019niz] internet sitesinden elektronik ortamda sipari\u015fini verdi\u011fi a\u015fa\u011f\u0131da nitelikleri ve sat\u0131\u015f fiyat\u0131 belirtilen \u00fcr\u00fcn\u00fcn sat\u0131\u015f\u0131 ve teslimi ile ilgili olarak 6502 say\u0131l\u0131 T\u00fcketicinin Korunmas\u0131 Hakk\u0131nda Kanun ve Mesafeli S\u00f6zle\u015fmeler Y\u00f6netmeli\u011fi h\u00fck\u00fcmleri gere\u011fince taraflar\u0131n hak ve y\u00fck\u00fcml\u00fcl\u00fcklerinin belirlenmesidir.<\/p>\n<p><strong>3. \u00dcR\u00dcN B\u0130LG\u0130LER\u0130<\/strong><\/p>\n<ul>\n<li>\u00dcr\u00fcn Ad\u0131 ve Miktar\u0131: [\u00dcr\u00fcn Ad\u0131 ve Miktar\u0131]<\/li>\n<li>Birim Fiyat\u0131: [\u00dcr\u00fcn Birim Fiyat\u0131]<\/li>\n<li>Ara Toplam: [Ara Toplam]<\/li>\n<li>Kargo \u00dccreti: [Kargo \u00dccreti]<\/li>\n<li>Genel Toplam: [Genel Toplam]<\/li>\n<\/ul>\n<p><strong>4. GENEL H\u00dcK\u00dcMLER<\/strong><\/p>\n<p>4.1. Al\u0131c\u0131, [Web Sitesi URL\u2019niz] internet sitesinde s\u00f6zle\u015fme konusu \u00fcr\u00fcn\u00fcn temel nitelikleri, sat\u0131\u015f fiyat\u0131 ve \u00f6deme \u015fekli ile teslimata ili\u015fkin \u00f6n bilgileri okuyup bilgi sahibi oldu\u011funu ve elektronik ortamda gerekli teyidi verdi\u011fini kabul ve beyan eder.<\/p>\n<p>4.2. S\u00f6zle\u015fme konusu \u00fcr\u00fcn, yasal 30 g\u00fcnl\u00fck s\u00fcreyi a\u015fmamak ko\u015fulu ile her bir \u00fcr\u00fcn i\u00e7in Al\u0131c\u0131\u2019n\u0131n yerle\u015fim yerinin uzakl\u0131\u011f\u0131na ba\u011fl\u0131 olarak internet sitesinde \u00f6n bilgiler i\u00e7inde a\u00e7\u0131klanan s\u00fcre i\u00e7inde Al\u0131c\u0131 veya g\u00f6sterdi\u011fi adresteki ki\u015fi\/kurulu\u015fa teslim edilir.<\/p>\n<p>4.3. S\u00f6zle\u015fme konusu \u00fcr\u00fcn, Al\u0131c\u0131\u2019dan ba\u015fka bir ki\u015fiye\/kurulu\u015fa teslim edilecek ise, teslim edilecek ki\u015fi\/kurulu\u015fun teslimat\u0131 kabul etmemesinden Sat\u0131c\u0131 sorumlu tutulamaz.<\/p>\n<p>4.4. Sat\u0131c\u0131, s\u00f6zle\u015fme konusu \u00fcr\u00fcn\u00fcn sa\u011flam, eksiksiz, sipari\u015fte belirtilen niteliklere uygun ve varsa garanti belgeleri ve kullan\u0131m k\u0131lavuzlar\u0131 ile teslim edilmesinden sorumludur.<\/p>\n<p>4.5. S\u00f6zle\u015fme konusu \u00fcr\u00fcn\u00fcn teslimat\u0131 i\u00e7in i\u015fbu s\u00f6zle\u015fmenin elektronik ortamda onaylanm\u0131\u015f olmas\u0131 ve bedelinin Al\u0131c\u0131\u2019n\u0131n tercih etti\u011fi \u00f6deme \u015fekli ile \u00f6denmi\u015f olmas\u0131 \u015fartt\u0131r. Herhangi bir nedenle \u00fcr\u00fcn bedeli \u00f6denmez veya banka kay\u0131tlar\u0131nda iptal edilir ise, Sat\u0131c\u0131 \u00fcr\u00fcn\u00fcn teslimi y\u00fck\u00fcml\u00fcl\u00fc\u011f\u00fcnden kurtulmu\u015f kabul edilir.<\/p>\n<p><strong>5. CAYMA HAKKI<\/strong><\/p>\n<p>5.1. Al\u0131c\u0131, s\u00f6zle\u015fme konusu \u00fcr\u00fcn\u00fc teslim ald\u0131\u011f\u0131 tarihten itibaren 14 (ond\u00f6rt) g\u00fcn i\u00e7inde herhangi bir gerek\u00e7e g\u00f6stermeksizin ve cezai \u015fart \u00f6demeksizin s\u00f6zle\u015fmeden cayma hakk\u0131na sahiptir. Cayma hakk\u0131n\u0131n kullan\u0131lmas\u0131 i\u00e7in bu s\u00fcre i\u00e7inde Sat\u0131c\u0131\u2019ya faks, e-posta veya telefon ile bildirimde bulunulmas\u0131 ve \u00fcr\u00fcn\u00fcn kullan\u0131lmam\u0131\u015f olmas\u0131 \u015fartt\u0131r.<\/p>\n<p>5.2. Bu hakk\u0131n kullan\u0131lmas\u0131 halinde, 3. ki\u015fiye veya Al\u0131c\u0131\u2019ya teslim edilen \u00fcr\u00fcn\u00fcn Sat\u0131c\u0131\u2019ya g\u00f6nderildi\u011fine dair kargo teslim tutana\u011f\u0131 \u00f6rne\u011fi ile fatura asl\u0131n\u0131n iadesi zorunludur. Bu belgelerin ula\u015fmas\u0131n\u0131 takip eden 14 g\u00fcn i\u00e7inde \u00fcr\u00fcn bedeli Al\u0131c\u0131\u2019ya iade edilir.<\/p>\n<p>5.3. Cayma hakk\u0131 nedeni ile iade edilen \u00fcr\u00fcn\u00fcn kargo bedeli Sat\u0131c\u0131 taraf\u0131ndan kar\u015f\u0131lan\u0131r.<\/p>\n<p><strong>6. TEMERR\u00dcT HAL\u0130 VE HUKUK\u0130 SONU\u00c7LARI<\/strong><\/p>\n<p>Al\u0131c\u0131, kredi kart\u0131 ile yapm\u0131\u015f oldu\u011fu i\u015flemlerde temerr\u00fcde d\u00fc\u015fmesi halinde kart sahibi banka ile aras\u0131ndaki kredi kart\u0131 s\u00f6zle\u015fmesi \u00e7er\u00e7evesinde faiz \u00f6deyecek ve bankaya kar\u015f\u0131 sorumlu olacakt\u0131r. Bu durumda ilgili banka hukuki yollara ba\u015fvurabilir; do\u011facak masraflar\u0131 ve vekalet \u00fccretini Al\u0131c\u0131\u2019dan talep edebilir ve her ko\u015fulda Al\u0131c\u0131\u2019n\u0131n borcundan dolay\u0131 temerr\u00fcde d\u00fc\u015fmesi halinde, Al\u0131c\u0131, borcun gecikmeli ifas\u0131ndan dolay\u0131 Sat\u0131c\u0131\u2019n\u0131n u\u011frad\u0131\u011f\u0131 zarar ve ziyan\u0131n\u0131 \u00f6demeyi kabul eder.<\/p>\n<p><strong>7. YETK\u0130L\u0130 MAHKEME<\/strong><\/p>\n<p>\u0130\u015fbu s\u00f6zle\u015fmeden do\u011fabilecek ihtilaflarda, her y\u0131l G\u00fcmr\u00fck ve Ticaret Bakanl\u0131\u011f\u0131 taraf\u0131ndan ilan edilen parasal s\u0131n\u0131rlara g\u00f6re Al\u0131c\u0131\u2019n\u0131n mal veya hizmeti sat\u0131n ald\u0131\u011f\u0131 ve ikametgah\u0131n\u0131n bulundu\u011fu yerdeki T\u00fcketici Hakem Heyetleri ile T\u00fcketici Mahkemeleri yetkilidir.<\/p>\n<p><strong>8. Y\u00dcR\u00dcRL\u00dcK<\/strong><\/p>\n<p>Al\u0131c\u0131, [Web Sitesi URL\u2019niz] internet sitesi \u00fczerinden sipari\u015f verdi\u011finde i\u015fbu s\u00f6zle\u015fmenin t\u00fcm \u015fartlar\u0131n\u0131 kabul etmi\u015f say\u0131l\u0131r. Sat\u0131c\u0131, sipari\u015fin ger\u00e7ekle\u015fmesi \u00f6ncesinde i\u015fbu s\u00f6zle\u015fmenin internet sitesinde Al\u0131c\u0131 taraf\u0131ndan okunarak kabul edilmesini sa\u011flamakla y\u00fck\u00fcml\u00fcd\u00fcr.<\/p>\n<p><strong>Sat\u0131c\u0131:<\/strong>\u00a0M\u0130AMOON COLLECT\u0130ON<br \/>\n[Yetkili \u0130mza]<\/p>\n<p><strong>Al\u0131c\u0131:<\/strong>\u00a0[Al\u0131c\u0131n\u0131n Ad\u0131 ve Soyad\u0131]<br \/>\n[Yetkili \u0130mza][\/vc_column_text][\/vc_column][\/vc_row]<\/p>\n<\/div>","protected":false},"excerpt":{"rendered":"<p>[vc_row][vc_column][vc_column_text css=&#8221;&#8221; woodmart_inline=&#8221;no&#8221; text_larger=&#8221;no&#8221;]1. TARAFLAR Sat\u0131c\u0131: Unvan: M\u0130AMOON COLLECT\u0130ON Adres: Yenicuma Mah. Mustafa Sok. No: 4 A Ortahisar\/TRABZON Telefon: 545<\/p>\n","protected":false},"author":1,"featured_media":0,"parent":0,"menu_order":0,"comment_status":"closed","ping_status":"closed","template":"","meta":{"footnotes":""},"class_list":["post-265","page","type-page","status-publish","hentry"],"yoast_head":"<!-- This site is optimized with the Yoast SEO plugin v27.3 - https:\/\/yoast.com\/product\/yoast-seo-wordpress\/ -->\n<title>Mesafeli Sat\u0131\u015f S\u00f6zle\u015fmesi - Baki Kibar T\u0131p K\u0131yafetleri<\/title>\n<meta name=\"robots\" content=\"index, follow, max-snippet:-1, max-image-preview:large, max-video-preview:-1\" \/>\n<link rel=\"canonical\" href=\"https:\/\/www.bakikibar.com.tr\/?page_id=265\" \/>\n<meta property=\"og:locale\" content=\"tr_TR\" \/>\n<meta property=\"og:type\" content=\"article\" \/>\n<meta property=\"og:title\" content=\"Mesafeli Sat\u0131\u015f S\u00f6zle\u015fmesi - Baki Kibar T\u0131p K\u0131yafetleri\" \/>\n<meta property=\"og:description\" content=\"[vc_row][vc_column][vc_column_text css=&#8221;&#8221; woodmart_inline=&#8221;no&#8221; text_larger=&#8221;no&#8221;]1. TARAFLAR Sat\u0131c\u0131: Unvan: M\u0130AMOON COLLECT\u0130ON Adres: Yenicuma Mah. Mustafa Sok. No: 4 A Ortahisar\/TRABZON Telefon: 545\" \/>\n<meta property=\"og:url\" content=\"https:\/\/www.bakikibar.com.tr\/?page_id=265\" \/>\n<meta property=\"og:site_name\" content=\"Baki Kibar T\u0131p K\u0131yafetleri\" \/>\n<meta property=\"article:modified_time\" content=\"2025-07-20T17:46:09+00:00\" \/>\n<meta name=\"twitter:card\" content=\"summary_large_image\" \/>\n<meta name=\"twitter:label1\" content=\"Tahmini okuma s\u00fcresi\" \/>\n\t<meta name=\"twitter:data1\" content=\"4 dakika\" \/>\n<script type=\"application\/ld+json\" class=\"yoast-schema-graph\">{\"@context\":\"https:\\\/\\\/schema.org\",\"@graph\":[{\"@type\":\"WebPage\",\"@id\":\"https:\\\/\\\/www.bakikibar.com.tr\\\/?page_id=265\",\"url\":\"https:\\\/\\\/www.bakikibar.com.tr\\\/?page_id=265\",\"name\":\"Mesafeli Sat\u0131\u015f S\u00f6zle\u015fmesi - Baki Kibar T\u0131p K\u0131yafetleri\",\"isPartOf\":{\"@id\":\"https:\\\/\\\/www.bakikibar.com.tr\\\/#website\"},\"datePublished\":\"2017-06-21T08:08:41+00:00\",\"dateModified\":\"2025-07-20T17:46:09+00:00\",\"breadcrumb\":{\"@id\":\"https:\\\/\\\/www.bakikibar.com.tr\\\/?page_id=265#breadcrumb\"},\"inLanguage\":\"tr\",\"potentialAction\":[{\"@type\":\"ReadAction\",\"target\":[\"https:\\\/\\\/www.bakikibar.com.tr\\\/?page_id=265\"]}]},{\"@type\":\"BreadcrumbList\",\"@id\":\"https:\\\/\\\/www.bakikibar.com.tr\\\/?page_id=265#breadcrumb\",\"itemListElement\":[{\"@type\":\"ListItem\",\"position\":1,\"name\":\"Anasayfa\",\"item\":\"https:\\\/\\\/www.bakikibar.com.tr\\\/\"},{\"@type\":\"ListItem\",\"position\":2,\"name\":\"Mesafeli Sat\u0131\u015f S\u00f6zle\u015fmesi\"}]},{\"@type\":\"WebSite\",\"@id\":\"https:\\\/\\\/www.bakikibar.com.tr\\\/#website\",\"url\":\"https:\\\/\\\/www.bakikibar.com.tr\\\/\",\"name\":\"Baki Kibar T\u0131p K\u0131yafetleri\",\"description\":\"\",\"potentialAction\":[{\"@type\":\"SearchAction\",\"target\":{\"@type\":\"EntryPoint\",\"urlTemplate\":\"https:\\\/\\\/www.bakikibar.com.tr\\\/?s={search_term_string}\"},\"query-input\":{\"@type\":\"PropertyValueSpecification\",\"valueRequired\":true,\"valueName\":\"search_term_string\"}}],\"inLanguage\":\"tr\"}]}<\/script>\n<!-- \/ Yoast SEO plugin. -->","yoast_head_json":{"title":"Mesafeli Sat\u0131\u015f S\u00f6zle\u015fmesi - Baki Kibar T\u0131p K\u0131yafetleri","robots":{"index":"index","follow":"follow","max-snippet":"max-snippet:-1","max-image-preview":"max-image-preview:large","max-video-preview":"max-video-preview:-1"},"canonical":"https:\/\/www.bakikibar.com.tr\/?page_id=265","og_locale":"tr_TR","og_type":"article","og_title":"Mesafeli Sat\u0131\u015f S\u00f6zle\u015fmesi - Baki Kibar T\u0131p K\u0131yafetleri","og_description":"[vc_row][vc_column][vc_column_text css=&#8221;&#8221; woodmart_inline=&#8221;no&#8221; text_larger=&#8221;no&#8221;]1. TARAFLAR Sat\u0131c\u0131: Unvan: M\u0130AMOON COLLECT\u0130ON Adres: Yenicuma Mah. Mustafa Sok. No: 4 A Ortahisar\/TRABZON Telefon: 545","og_url":"https:\/\/www.bakikibar.com.tr\/?page_id=265","og_site_name":"Baki Kibar T\u0131p K\u0131yafetleri","article_modified_time":"2025-07-20T17:46:09+00:00","twitter_card":"summary_large_image","twitter_misc":{"Tahmini okuma s\u00fcresi":"4 dakika"},"schema":{"@context":"https:\/\/schema.org","@graph":[{"@type":"WebPage","@id":"https:\/\/www.bakikibar.com.tr\/?page_id=265","url":"https:\/\/www.bakikibar.com.tr\/?page_id=265","name":"Mesafeli Sat\u0131\u015f S\u00f6zle\u015fmesi - Baki Kibar T\u0131p K\u0131yafetleri","isPartOf":{"@id":"https:\/\/www.bakikibar.com.tr\/#website"},"datePublished":"2017-06-21T08:08:41+00:00","dateModified":"2025-07-20T17:46:09+00:00","breadcrumb":{"@id":"https:\/\/www.bakikibar.com.tr\/?page_id=265#breadcrumb"},"inLanguage":"tr","potentialAction":[{"@type":"ReadAction","target":["https:\/\/www.bakikibar.com.tr\/?page_id=265"]}]},{"@type":"BreadcrumbList","@id":"https:\/\/www.bakikibar.com.tr\/?page_id=265#breadcrumb","itemListElement":[{"@type":"ListItem","position":1,"name":"Anasayfa","item":"https:\/\/www.bakikibar.com.tr\/"},{"@type":"ListItem","position":2,"name":"Mesafeli Sat\u0131\u015f S\u00f6zle\u015fmesi"}]},{"@type":"WebSite","@id":"https:\/\/www.bakikibar.com.tr\/#website","url":"https:\/\/www.bakikibar.com.tr\/","name":"Baki Kibar T\u0131p K\u0131yafetleri","description":"","potentialAction":[{"@type":"SearchAction","target":{"@type":"EntryPoint","urlTemplate":"https:\/\/www.bakikibar.com.tr\/?s={search_term_string}"},"query-input":{"@type":"PropertyValueSpecification","valueRequired":true,"valueName":"search_term_string"}}],"inLanguage":"tr"}]}},"jetpack_sharing_enabled":true,"_links":{"self":[{"href":"https:\/\/www.bakikibar.com.tr\/index.php?rest_route=\/wp\/v2\/pages\/265","targetHints":{"allow":["GET"]}}],"collection":[{"href":"https:\/\/www.bakikibar.com.tr\/index.php?rest_route=\/wp\/v2\/pages"}],"about":[{"href":"https:\/\/www.bakikibar.com.tr\/index.php?rest_route=\/wp\/v2\/types\/page"}],"author":[{"embeddable":true,"href":"https:\/\/www.bakikibar.com.tr\/index.php?rest_route=\/wp\/v2\/users\/1"}],"replies":[{"embeddable":true,"href":"https:\/\/www.bakikibar.com.tr\/index.php?rest_route=%2Fwp%2Fv2%2Fcomments&post=265"}],"version-history":[{"count":2,"href":"https:\/\/www.bakikibar.com.tr\/index.php?rest_route=\/wp\/v2\/pages\/265\/revisions"}],"predecessor-version":[{"id":10808,"href":"https:\/\/www.bakikibar.com.tr\/index.php?rest_route=\/wp\/v2\/pages\/265\/revisions\/10808"}],"wp:attachment":[{"href":"https:\/\/www.bakikibar.com.tr\/index.php?rest_route=%2Fwp%2Fv2%2Fmedia&parent=265"}],"curies":[{"name":"wp","href":"https:\/\/api.w.org\/{rel}","templated":true}]}}