{"id":9,"date":"2025-07-18T10:28:46","date_gmt":"2025-07-18T10:28:46","guid":{"rendered":"https:\/\/bkkibar.online\/?page_id=9"},"modified":"2025-08-10T15:25:39","modified_gmt":"2025-08-10T15:25:39","slug":"sepet","status":"publish","type":"page","link":"https:\/\/www.bakikibar.com.tr\/?page_id=9","title":{"rendered":"Sepet"},"content":{"rendered":"<div class=\"woocommerce\"><div class=\"woocommerce-notices-wrapper\"><\/div><div class=\"wc-empty-cart-message\">\n\t<div class=\"cart-empty woocommerce-info\" role=\"status\">\n\t\tSepetiniz \u015fu anda bo\u015f.\t<\/div>\n<\/div>\t\t<h2 class=\"cart-empty wd-empty-block-title wc-empty-cart-message\">\n\t\t\tSepetiniz \u015fu anda bo\u015f.\t\t<\/h2>\n\t\t\t\t\t\t<p class=\"wd-empty-block-text\">\n\t\t\t\t\u00d6deme i\u015flemine ge\u00e7meden \u00f6nce al\u0131\u015fveri\u015f sepetinize birka\u00e7 \u00fcr\u00fcn eklemelisiniz. \"Ma\u011faza\" sayfam\u0131zda bir\u00e7ok ilgi \u00e7ekici \u00fcr\u00fcn bulacaks\u0131n\u0131z.\t\t\t\t<\/p>\n\t\t\t\t<p class=\"return-to-shop\">\n\t\t<a class=\"button wc-backward\" href=\"https:\/\/www.bakikibar.com.tr\/?page_id=1249\">\n\t\t\tMa\u011fazaya geri d\u00f6n\t\t<\/a>\n\t<\/p>\n<\/div>\n","protected":false},"excerpt":{"rendered":"Sepetiniz \u015fu anda bo\u015f. Sepetiniz \u015fu anda bo\u015f. \u00d6deme i\u015flemine ge\u00e7meden \u00f6nce al\u0131\u015fveri\u015f sepetinize birka\u00e7 \u00fcr\u00fcn eklemelisiniz. \"Ma\u011faza\" sayfam\u0131zda bir\u00e7ok","protected":false},"author":1,"featured_media":0,"parent":0,"menu_order":0,"comment_status":"closed","ping_status":"closed","template":"","meta":{"footnotes":""},"class_list":["post-9","page","type-page","status-publish","hentry"],"yoast_head":"<!-- This site is optimized with the Yoast SEO plugin v27.3 - https:\/\/yoast.com\/product\/yoast-seo-wordpress\/ -->\n<title>Sepet - Baki Kibar T\u0131p K\u0131yafetleri<\/title>\n<meta name=\"robots\" content=\"index, follow, max-snippet:-1, max-image-preview:large, max-video-preview:-1\" \/>\n<link rel=\"canonical\" href=\"https:\/\/www.bakikibar.com.tr\/?page_id=9\" \/>\n<meta property=\"og:locale\" content=\"tr_TR\" \/>\n<meta property=\"og:type\" content=\"article\" \/>\n<meta property=\"og:title\" content=\"Sepet - Baki Kibar T\u0131p K\u0131yafetleri\" \/>\n<meta property=\"og:url\" content=\"https:\/\/www.bakikibar.com.tr\/?page_id=9\" \/>\n<meta property=\"og:site_name\" content=\"Baki Kibar T\u0131p K\u0131yafetleri\" \/>\n<meta property=\"article:modified_time\" content=\"2025-08-10T15:25:39+00:00\" \/>\n<meta name=\"twitter:card\" content=\"summary_large_image\" \/>\n<script type=\"application\/ld+json\" class=\"yoast-schema-graph\">{\"@context\":\"https:\\\/\\\/schema.org\",\"@graph\":[{\"@type\":\"WebPage\",\"@id\":\"https:\\\/\\\/www.bakikibar.com.tr\\\/?page_id=9\",\"url\":\"https:\\\/\\\/www.bakikibar.com.tr\\\/?page_id=9\",\"name\":\"Sepet - Baki Kibar T\u0131p K\u0131yafetleri\",\"isPartOf\":{\"@id\":\"https:\\\/\\\/www.bakikibar.com.tr\\\/#website\"},\"datePublished\":\"2025-07-18T10:28:46+00:00\",\"dateModified\":\"2025-08-10T15:25:39+00:00\",\"breadcrumb\":{\"@id\":\"https:\\\/\\\/www.bakikibar.com.tr\\\/?page_id=9#breadcrumb\"},\"inLanguage\":\"tr\",\"potentialAction\":[{\"@type\":\"ReadAction\",\"target\":[\"https:\\\/\\\/www.bakikibar.com.tr\\\/?page_id=9\"]}]},{\"@type\":\"BreadcrumbList\",\"@id\":\"https:\\\/\\\/www.bakikibar.com.tr\\\/?page_id=9#breadcrumb\",\"itemListElement\":[{\"@type\":\"ListItem\",\"position\":1,\"name\":\"Anasayfa\",\"item\":\"https:\\\/\\\/www.bakikibar.com.tr\\\/\"},{\"@type\":\"ListItem\",\"position\":2,\"name\":\"Sepet\"}]},{\"@type\":\"WebSite\",\"@id\":\"https:\\\/\\\/www.bakikibar.com.tr\\\/#website\",\"url\":\"https:\\\/\\\/www.bakikibar.com.tr\\\/\",\"name\":\"Baki Kibar T\u0131p K\u0131yafetleri\",\"description\":\"\",\"potentialAction\":[{\"@type\":\"SearchAction\",\"target\":{\"@type\":\"EntryPoint\",\"urlTemplate\":\"https:\\\/\\\/www.bakikibar.com.tr\\\/?s={search_term_string}\"},\"query-input\":{\"@type\":\"PropertyValueSpecification\",\"valueRequired\":true,\"valueName\":\"search_term_string\"}}],\"inLanguage\":\"tr\"}]}<\/script>\n<!-- \/ Yoast SEO plugin. -->","yoast_head_json":{"title":"Sepet - Baki Kibar T\u0131p K\u0131yafetleri","robots":{"index":"index","follow":"follow","max-snippet":"max-snippet:-1","max-image-preview":"max-image-preview:large","max-video-preview":"max-video-preview:-1"},"canonical":"https:\/\/www.bakikibar.com.tr\/?page_id=9","og_locale":"tr_TR","og_type":"article","og_title":"Sepet - Baki Kibar T\u0131p K\u0131yafetleri","og_url":"https:\/\/www.bakikibar.com.tr\/?page_id=9","og_site_name":"Baki Kibar T\u0131p K\u0131yafetleri","article_modified_time":"2025-08-10T15:25:39+00:00","twitter_card":"summary_large_image","schema":{"@context":"https:\/\/schema.org","@graph":[{"@type":"WebPage","@id":"https:\/\/www.bakikibar.com.tr\/?page_id=9","url":"https:\/\/www.bakikibar.com.tr\/?page_id=9","name":"Sepet - Baki Kibar T\u0131p K\u0131yafetleri","isPartOf":{"@id":"https:\/\/www.bakikibar.com.tr\/#website"},"datePublished":"2025-07-18T10:28:46+00:00","dateModified":"2025-08-10T15:25:39+00:00","breadcrumb":{"@id":"https:\/\/www.bakikibar.com.tr\/?page_id=9#breadcrumb"},"inLanguage":"tr","potentialAction":[{"@type":"ReadAction","target":["https:\/\/www.bakikibar.com.tr\/?page_id=9"]}]},{"@type":"BreadcrumbList","@id":"https:\/\/www.bakikibar.com.tr\/?page_id=9#breadcrumb","itemListElement":[{"@type":"ListItem","position":1,"name":"Anasayfa","item":"https:\/\/www.bakikibar.com.tr\/"},{"@type":"ListItem","position":2,"name":"Sepet"}]},{"@type":"WebSite","@id":"https:\/\/www.bakikibar.com.tr\/#website","url":"https:\/\/www.bakikibar.com.tr\/","name":"Baki Kibar T\u0131p K\u0131yafetleri","description":"","potentialAction":[{"@type":"SearchAction","target":{"@type":"EntryPoint","urlTemplate":"https:\/\/www.bakikibar.com.tr\/?s={search_term_string}"},"query-input":{"@type":"PropertyValueSpecification","valueRequired":true,"valueName":"search_term_string"}}],"inLanguage":"tr"}]}},"jetpack_sharing_enabled":true,"_links":{"self":[{"href":"https:\/\/www.bakikibar.com.tr\/index.php?rest_route=\/wp\/v2\/pages\/9","targetHints":{"allow":["GET"]}}],"collection":[{"href":"https:\/\/www.bakikibar.com.tr\/index.php?rest_route=\/wp\/v2\/pages"}],"about":[{"href":"https:\/\/www.bakikibar.com.tr\/index.php?rest_route=\/wp\/v2\/types\/page"}],"author":[{"embeddable":true,"href":"https:\/\/www.bakikibar.com.tr\/index.php?rest_route=\/wp\/v2\/users\/1"}],"replies":[{"embeddable":true,"href":"https:\/\/www.bakikibar.com.tr\/index.php?rest_route=%2Fwp%2Fv2%2Fcomments&post=9"}],"version-history":[{"count":1,"href":"https:\/\/www.bakikibar.com.tr\/index.php?rest_route=\/wp\/v2\/pages\/9\/revisions"}],"predecessor-version":[{"id":12379,"href":"https:\/\/www.bakikibar.com.tr\/index.php?rest_route=\/wp\/v2\/pages\/9\/revisions\/12379"}],"wp:attachment":[{"href":"https:\/\/www.bakikibar.com.tr\/index.php?rest_route=%2Fwp%2Fv2%2Fmedia&parent=9"}],"curies":[{"name":"wp","href":"https:\/\/api.w.org\/{rel}","templated":true}]}}