{"id":11811,"date":"2025-08-07T20:18:43","date_gmt":"2025-08-07T20:18:43","guid":{"rendered":"https:\/\/bakikibar.com.tr\/?post_type=product&#038;p=11811"},"modified":"2025-08-07T21:49:41","modified_gmt":"2025-08-07T21:49:41","slug":"blackwell-tesettur-uniforma-ust-murdum","status":"publish","type":"product","link":"https:\/\/www.bakikibar.com.tr\/?product=blackwell-tesettur-uniforma-ust-murdum","title":{"rendered":"BLACKWELL \u2013 Tesett\u00fcr \u00dcniforma \u00dcst M\u00fcrd\u00fcm"},"content":{"rendered":"","protected":false},"excerpt":{"rendered":"","protected":false},"featured_media":10656,"comment_status":"open","ping_status":"closed","template":"","meta":[],"product_brand":[],"product_cat":[94,113,112,111],"product_tag":[],"class_list":{"0":"post-11811","1":"product","2":"type-product","3":"status-publish","4":"has-post-thumbnail","6":"product_cat-kadin","7":"product_cat-kadintesetturust","8":"product_cat-kadinust","9":"product_cat-tekparcalar","11":"first","12":"instock","13":"taxable","14":"shipping-taxable","15":"purchasable","16":"product-type-variable","17":"has-default-attributes"},"yoast_head":"<!-- This site is optimized with the Yoast SEO plugin v27.3 - https:\/\/yoast.com\/product\/yoast-seo-wordpress\/ -->\n<title>BLACKWELL \u2013 Tesett\u00fcr \u00dcniforma \u00dcst M\u00fcrd\u00fcm - Baki Kibar T\u0131p K\u0131yafetleri<\/title>\n<meta name=\"robots\" content=\"index, follow, max-snippet:-1, max-image-preview:large, max-video-preview:-1\" \/>\n<link rel=\"canonical\" href=\"https:\/\/www.bakikibar.com.tr\/?product=blackwell-tesettur-uniforma-ust-murdum\" \/>\n<meta property=\"og:locale\" content=\"tr_TR\" \/>\n<meta property=\"og:type\" content=\"article\" \/>\n<meta property=\"og:title\" content=\"BLACKWELL \u2013 Tesett\u00fcr \u00dcniforma \u00dcst M\u00fcrd\u00fcm - Baki Kibar T\u0131p K\u0131yafetleri\" \/>\n<meta property=\"og:url\" content=\"https:\/\/www.bakikibar.com.tr\/?product=blackwell-tesettur-uniforma-ust-murdum\" \/>\n<meta property=\"og:site_name\" content=\"Baki Kibar T\u0131p K\u0131yafetleri\" \/>\n<meta property=\"article:modified_time\" content=\"2025-08-07T21:49:41+00:00\" \/>\n<meta property=\"og:image\" content=\"https:\/\/www.bakikibar.com.tr\/wp-content\/uploads\/2025\/07\/8-6-scaled.jpg\" \/>\n\t<meta property=\"og:image:width\" content=\"1707\" \/>\n\t<meta property=\"og:image:height\" content=\"2560\" \/>\n\t<meta property=\"og:image:type\" content=\"image\/jpeg\" \/>\n<meta name=\"twitter:card\" content=\"summary_large_image\" \/>\n<meta name=\"twitter:label1\" content=\"Tahmini okuma s\u00fcresi\" \/>\n\t<meta name=\"twitter:data1\" content=\"1 dakika\" \/>\n<script type=\"application\/ld+json\" class=\"yoast-schema-graph\">{\"@context\":\"https:\\\/\\\/schema.org\",\"@graph\":[{\"@type\":\"WebPage\",\"@id\":\"https:\\\/\\\/www.bakikibar.com.tr\\\/?product=blackwell-tesettur-uniforma-ust-murdum\",\"url\":\"https:\\\/\\\/www.bakikibar.com.tr\\\/?product=blackwell-tesettur-uniforma-ust-murdum\",\"name\":\"BLACKWELL \u2013 Tesett\u00fcr \u00dcniforma \u00dcst M\u00fcrd\u00fcm - Baki Kibar T\u0131p K\u0131yafetleri\",\"isPartOf\":{\"@id\":\"https:\\\/\\\/www.bakikibar.com.tr\\\/#website\"},\"primaryImageOfPage\":{\"@id\":\"https:\\\/\\\/www.bakikibar.com.tr\\\/?product=blackwell-tesettur-uniforma-ust-murdum#primaryimage\"},\"image\":{\"@id\":\"https:\\\/\\\/www.bakikibar.com.tr\\\/?product=blackwell-tesettur-uniforma-ust-murdum#primaryimage\"},\"thumbnailUrl\":\"https:\\\/\\\/www.bakikibar.com.tr\\\/wp-content\\\/uploads\\\/2025\\\/07\\\/8-6-scaled.jpg\",\"datePublished\":\"2025-08-07T20:18:43+00:00\",\"dateModified\":\"2025-08-07T21:49:41+00:00\",\"breadcrumb\":{\"@id\":\"https:\\\/\\\/www.bakikibar.com.tr\\\/?product=blackwell-tesettur-uniforma-ust-murdum#breadcrumb\"},\"inLanguage\":\"tr\",\"potentialAction\":[{\"@type\":\"ReadAction\",\"target\":[\"https:\\\/\\\/www.bakikibar.com.tr\\\/?product=blackwell-tesettur-uniforma-ust-murdum\"]}]},{\"@type\":\"ImageObject\",\"inLanguage\":\"tr\",\"@id\":\"https:\\\/\\\/www.bakikibar.com.tr\\\/?product=blackwell-tesettur-uniforma-ust-murdum#primaryimage\",\"url\":\"https:\\\/\\\/www.bakikibar.com.tr\\\/wp-content\\\/uploads\\\/2025\\\/07\\\/8-6-scaled.jpg\",\"contentUrl\":\"https:\\\/\\\/www.bakikibar.com.tr\\\/wp-content\\\/uploads\\\/2025\\\/07\\\/8-6-scaled.jpg\",\"width\":1707,\"height\":2560},{\"@type\":\"BreadcrumbList\",\"@id\":\"https:\\\/\\\/www.bakikibar.com.tr\\\/?product=blackwell-tesettur-uniforma-ust-murdum#breadcrumb\",\"itemListElement\":[{\"@type\":\"ListItem\",\"position\":1,\"name\":\"Anasayfa\",\"item\":\"https:\\\/\\\/www.bakikibar.com.tr\\\/\"},{\"@type\":\"ListItem\",\"position\":2,\"name\":\"Shop\",\"item\":\"https:\\\/\\\/www.bakikibar.com.tr\\\/?page_id=1249\"},{\"@type\":\"ListItem\",\"position\":3,\"name\":\"BLACKWELL \u2013 Tesett\u00fcr \u00dcniforma \u00dcst M\u00fcrd\u00fcm\"}]},{\"@type\":\"WebSite\",\"@id\":\"https:\\\/\\\/www.bakikibar.com.tr\\\/#website\",\"url\":\"https:\\\/\\\/www.bakikibar.com.tr\\\/\",\"name\":\"Baki Kibar T\u0131p K\u0131yafetleri\",\"description\":\"\",\"potentialAction\":[{\"@type\":\"SearchAction\",\"target\":{\"@type\":\"EntryPoint\",\"urlTemplate\":\"https:\\\/\\\/www.bakikibar.com.tr\\\/?s={search_term_string}\"},\"query-input\":{\"@type\":\"PropertyValueSpecification\",\"valueRequired\":true,\"valueName\":\"search_term_string\"}}],\"inLanguage\":\"tr\"}]}<\/script>\n<!-- \/ Yoast SEO plugin. -->","yoast_head_json":{"title":"BLACKWELL \u2013 Tesett\u00fcr \u00dcniforma \u00dcst M\u00fcrd\u00fcm - Baki Kibar T\u0131p K\u0131yafetleri","robots":{"index":"index","follow":"follow","max-snippet":"max-snippet:-1","max-image-preview":"max-image-preview:large","max-video-preview":"max-video-preview:-1"},"canonical":"https:\/\/www.bakikibar.com.tr\/?product=blackwell-tesettur-uniforma-ust-murdum","og_locale":"tr_TR","og_type":"article","og_title":"BLACKWELL \u2013 Tesett\u00fcr \u00dcniforma \u00dcst M\u00fcrd\u00fcm - Baki Kibar T\u0131p K\u0131yafetleri","og_url":"https:\/\/www.bakikibar.com.tr\/?product=blackwell-tesettur-uniforma-ust-murdum","og_site_name":"Baki Kibar T\u0131p K\u0131yafetleri","article_modified_time":"2025-08-07T21:49:41+00:00","og_image":[{"width":1707,"height":2560,"url":"https:\/\/www.bakikibar.com.tr\/wp-content\/uploads\/2025\/07\/8-6-scaled.jpg","type":"image\/jpeg"}],"twitter_card":"summary_large_image","twitter_misc":{"Tahmini okuma s\u00fcresi":"1 dakika"},"schema":{"@context":"https:\/\/schema.org","@graph":[{"@type":"WebPage","@id":"https:\/\/www.bakikibar.com.tr\/?product=blackwell-tesettur-uniforma-ust-murdum","url":"https:\/\/www.bakikibar.com.tr\/?product=blackwell-tesettur-uniforma-ust-murdum","name":"BLACKWELL \u2013 Tesett\u00fcr \u00dcniforma \u00dcst M\u00fcrd\u00fcm - Baki Kibar T\u0131p K\u0131yafetleri","isPartOf":{"@id":"https:\/\/www.bakikibar.com.tr\/#website"},"primaryImageOfPage":{"@id":"https:\/\/www.bakikibar.com.tr\/?product=blackwell-tesettur-uniforma-ust-murdum#primaryimage"},"image":{"@id":"https:\/\/www.bakikibar.com.tr\/?product=blackwell-tesettur-uniforma-ust-murdum#primaryimage"},"thumbnailUrl":"https:\/\/www.bakikibar.com.tr\/wp-content\/uploads\/2025\/07\/8-6-scaled.jpg","datePublished":"2025-08-07T20:18:43+00:00","dateModified":"2025-08-07T21:49:41+00:00","breadcrumb":{"@id":"https:\/\/www.bakikibar.com.tr\/?product=blackwell-tesettur-uniforma-ust-murdum#breadcrumb"},"inLanguage":"tr","potentialAction":[{"@type":"ReadAction","target":["https:\/\/www.bakikibar.com.tr\/?product=blackwell-tesettur-uniforma-ust-murdum"]}]},{"@type":"ImageObject","inLanguage":"tr","@id":"https:\/\/www.bakikibar.com.tr\/?product=blackwell-tesettur-uniforma-ust-murdum#primaryimage","url":"https:\/\/www.bakikibar.com.tr\/wp-content\/uploads\/2025\/07\/8-6-scaled.jpg","contentUrl":"https:\/\/www.bakikibar.com.tr\/wp-content\/uploads\/2025\/07\/8-6-scaled.jpg","width":1707,"height":2560},{"@type":"BreadcrumbList","@id":"https:\/\/www.bakikibar.com.tr\/?product=blackwell-tesettur-uniforma-ust-murdum#breadcrumb","itemListElement":[{"@type":"ListItem","position":1,"name":"Anasayfa","item":"https:\/\/www.bakikibar.com.tr\/"},{"@type":"ListItem","position":2,"name":"Shop","item":"https:\/\/www.bakikibar.com.tr\/?page_id=1249"},{"@type":"ListItem","position":3,"name":"BLACKWELL \u2013 Tesett\u00fcr \u00dcniforma \u00dcst M\u00fcrd\u00fcm"}]},{"@type":"WebSite","@id":"https:\/\/www.bakikibar.com.tr\/#website","url":"https:\/\/www.bakikibar.com.tr\/","name":"Baki Kibar T\u0131p K\u0131yafetleri","description":"","potentialAction":[{"@type":"SearchAction","target":{"@type":"EntryPoint","urlTemplate":"https:\/\/www.bakikibar.com.tr\/?s={search_term_string}"},"query-input":{"@type":"PropertyValueSpecification","valueRequired":true,"valueName":"search_term_string"}}],"inLanguage":"tr"}]}},"jetpack_sharing_enabled":true,"_links":{"self":[{"href":"https:\/\/www.bakikibar.com.tr\/index.php?rest_route=\/wp\/v2\/product\/11811","targetHints":{"allow":["GET"]}}],"collection":[{"href":"https:\/\/www.bakikibar.com.tr\/index.php?rest_route=\/wp\/v2\/product"}],"about":[{"href":"https:\/\/www.bakikibar.com.tr\/index.php?rest_route=\/wp\/v2\/types\/product"}],"replies":[{"embeddable":true,"href":"https:\/\/www.bakikibar.com.tr\/index.php?rest_route=%2Fwp%2Fv2%2Fcomments&post=11811"}],"wp:featuredmedia":[{"embeddable":true,"href":"https:\/\/www.bakikibar.com.tr\/index.php?rest_route=\/wp\/v2\/media\/10656"}],"wp:attachment":[{"href":"https:\/\/www.bakikibar.com.tr\/index.php?rest_route=%2Fwp%2Fv2%2Fmedia&parent=11811"}],"wp:term":[{"taxonomy":"product_brand","embeddable":true,"href":"https:\/\/www.bakikibar.com.tr\/index.php?rest_route=%2Fwp%2Fv2%2Fproduct_brand&post=11811"},{"taxonomy":"product_cat","embeddable":true,"href":"https:\/\/www.bakikibar.com.tr\/index.php?rest_route=%2Fwp%2Fv2%2Fproduct_cat&post=11811"},{"taxonomy":"product_tag","embeddable":true,"href":"https:\/\/www.bakikibar.com.tr\/index.php?rest_route=%2Fwp%2Fv2%2Fproduct_tag&post=11811"}],"curies":[{"name":"wp","href":"https:\/\/api.w.org\/{rel}","templated":true}]}}